{"id":2,"date":"2014-09-13T04:22:21","date_gmt":"2014-09-13T04:22:21","guid":{"rendered":"http:\/\/gevolucion.org\/?page_id=2"},"modified":"2014-09-17T21:37:41","modified_gmt":"2014-09-17T21:37:41","slug":"sample-page","status":"publish","type":"page","link":"https:\/\/www.gevolucion.com\/?page_id=2","title":{"rendered":"Gevoluci\u00f3n"},"content":{"rendered":"<p style=\"text-align: justify;\">Gevoluci\u00f3n es una nueva forma de revoluci\u00f3n social, sin rencor, sin resentimiento, sin rebeld\u00eda y sin derramamiento de sangre. \u00a0\u00a0Es una fusi\u00f3n del pensamiento con la tecnolog\u00eda para crear una mente distribuida con el fin espec\u00edfico de dise\u00f1ar, con detalles, soluciones a problemas nacionales o regionales, incluyendo la din\u00e1mica para que sean adoptadas por funcionarios actuales o futuros y que las ejecuten respetando el respectivo manual de usuario que las acompa\u00f1a.<\/p>\n<p style=\"text-align: justify;\">Contamos con historia suficiente para reconocer que la astucia e inteligencia que los candidatos utilizan para lograr ser electos, no suele manifestarse con la misma intensidad para atender los problemas que aquejan a la naci\u00f3n, por eso, la gevoluci\u00f3n facilita, a los que lo deseen, convertir sus cr\u00edticas o quejas, en propuestas consensuadas en tiempo real para que, los que nos gobiernan o desean hacerlo, no dependan exclusivamente de sus propias ideas o de las ideas de aquellos que los asesoran.<\/p>\n<p style=\"text-align: justify;\">Gevoluci\u00f3n, es una din\u00e1mica para involucrar a quienes piensan en mejores formas de resolver problemas que aquejan al pa\u00eds, para que aporten sus ideas, en colaboraci\u00f3n las optimicen y las conviertan en propuestas que puedan ser adoptadas por los funcionarios bajo cuya responsabilidad est\u00e1 resolver aquellos problemas. \u00a0Es llevar la cr\u00edtica a otro nivel, donde dejamos de creer que, con cuestionar las malas decisiones de los funcionarios, los obligaremos a tomar decisiones correctas.<\/p>\n<p style=\"text-align: justify;\">Podr\u00eda ser que nuestros gobernantes se hayan especializado en alcanzar el poder y, seguramente para conservar la serenidad en el intento, deben cuidarse del distractor que podr\u00eda significar creer que ya lo lograron, por lo que se prohiben \u201cpensar\u201d en lo que har\u00e1n al tomar el poder y cuando lo toman, los que lo logran, terminan creyendo que si su inteligencia para llegar al puesto, fue superior a la de todos, sin lugar a dudas lo ser\u00e1 para tomar todas las decisiones que su nuevo cargo les requiera.<\/p>\n<p style=\"text-align: justify;\">Es muy com\u00fan que se diga, a manera de queja o de excusa, que los pol\u00edticos o gobernantes enga\u00f1an a la plebe y los que lo dicen, que podr\u00edan ser los que lo notan, deber\u00edan caer en la cuenta que las consecuencias del enga\u00f1o les afectar\u00e1 por igual. \u00a0Gevoluci\u00f3n es para que, los que creen tener la soluci\u00f3n, si no son de los que creen que s\u00f3lo a ellos se les pudo ocurrir y que deber\u00eda ser su \u201cas\u201d bajo la manga si alg\u00fan d\u00eda son ellos los \u201cgobernantes\u201d. \u00a0Para una gevoluci\u00f3n, es indispensable que los que piensan, piensen: <span style=\"color: #333399;\"><em>Si es algo bueno para mi pa\u00eds, no me importa qui\u00e9n lo ejecute ni que se lleve las palmas por ello, lo que <b>yo quiero<\/b> es, <b>que suceda<\/b>, y para que implementen correctamente mi idea, procurar\u00e9 proporcionar instrucciones como un manual de usuario.<\/em><\/span><\/p>\n<p style=\"text-align: justify;\">La democracia en nuestro pa\u00eds y probablemente en otros tambi\u00e9n, est\u00e1 en crisis porque s\u00f3lo nos permite elegir, y eso, abrumados con la excesiva y enga\u00f1osa publicidad que suelen utilizar los partidos pol\u00edticos en contienda. Cada cuatro a\u00f1os, participamos en una fiesta macabra en la que una extra\u00f1a casta, hace relevos para machacarnos el sue\u00f1o de un futuro mejor. \u00a0Podr\u00edamos creer que no saben que se constituyen en empleados de aquellos que los eligen, porque act\u00faan como due\u00f1os de nuestro destino, pero, por acontecimientos recientes, podr\u00edamos asegurar que s\u00ed lo saben y van un paso adelante porque la OEA empez\u00f3 a actuar como \u201cEl sindicato de los presidentes latinoamericanos\u201d, haciendo su mejor esfuerzo para suprimir cualquier forma leg\u00edtima con la que pueda contar el pueblo para despedir a un mal empleado y, hasta parece celebrar si ellos encuentran una forma de hacerse eternos en el puesto.<\/p>\n<p style=\"text-align: justify;\">El partido pol\u00edtico ideal ser\u00eda aquel que tuviera dos equipos, un equipo para alcanzar el poder y el otro para ejercerlo, con absoluta independencia entre ellos. \u00a0\u00a0Pero como suele ser que s\u00f3lo cuentan con un equipo, debemos cuidar que comprendan que lo que han logrado es convertirse en \u201cempleados\u201d y no due\u00f1os del pa\u00eds, as\u00ed que, como corresponde a un empleado, debe recibir instrucciones claras y precisas de lo que se espera de \u00e9l, para que al rendir cuentas, sea en funci\u00f3n de las responsabilidades asignadas.<\/p>\n","protected":false},"excerpt":{"rendered":"<p>Gevoluci\u00f3n es una nueva forma de revoluci\u00f3n social, sin rencor, sin resentimiento, sin rebeld\u00eda y sin derramamiento de sangre. \u00a0\u00a0Es una fusi\u00f3n del pensamiento con la tecnolog\u00eda para crear una mente distribuida con el fin espec\u00edfico de dise\u00f1ar, con detalles, soluciones a problemas nacionales o regionales, incluyendo la din\u00e1mica para que sean adoptadas por funcionarios &hellip; <a href=\"https:\/\/www.gevolucion.com\/?page_id=2\" class=\"more-link\">Sigue leyendo <span class=\"screen-reader-text\">Gevoluci\u00f3n<\/span><\/a><\/p>\n","protected":false},"author":1,"featured_media":0,"parent":0,"menu_order":0,"comment_status":"open","ping_status":"closed","template":"","meta":{"footnotes":""},"class_list":["post-2","page","type-page","status-publish","hentry"],"_links":{"self":[{"href":"https:\/\/www.gevolucion.com\/index.php?rest_route=\/wp\/v2\/pages\/2","targetHints":{"allow":["GET"]}}],"collection":[{"href":"https:\/\/www.gevolucion.com\/index.php?rest_route=\/wp\/v2\/pages"}],"about":[{"href":"https:\/\/www.gevolucion.com\/index.php?rest_route=\/wp\/v2\/types\/page"}],"author":[{"embeddable":true,"href":"https:\/\/www.gevolucion.com\/index.php?rest_route=\/wp\/v2\/users\/1"}],"replies":[{"embeddable":true,"href":"https:\/\/www.gevolucion.com\/index.php?rest_route=%2Fwp%2Fv2%2Fcomments&post=2"}],"version-history":[{"count":10,"href":"https:\/\/www.gevolucion.com\/index.php?rest_route=\/wp\/v2\/pages\/2\/revisions"}],"predecessor-version":[{"id":88,"href":"https:\/\/www.gevolucion.com\/index.php?rest_route=\/wp\/v2\/pages\/2\/revisions\/88"}],"wp:attachment":[{"href":"https:\/\/www.gevolucion.com\/index.php?rest_route=%2Fwp%2Fv2%2Fmedia&parent=2"}],"curies":[{"name":"wp","href":"https:\/\/api.w.org\/{rel}","templated":true}]}}