{"id":47,"date":"2014-09-16T01:07:38","date_gmt":"2014-09-16T01:07:38","guid":{"rendered":"http:\/\/www.gevolucion.org\/?page_id=47"},"modified":"2014-11-03T01:15:31","modified_gmt":"2014-11-03T01:15:31","slug":"como-funciona","status":"publish","type":"page","link":"https:\/\/www.gevolucion.com\/?page_id=47","title":{"rendered":"\u00bfC\u00f3mo Funciona?"},"content":{"rendered":"<p style=\"text-align: justify;\"><strong>No estamos haciendo su trabajo<\/strong> (el de los funcionarios), <strong>estamos construyendo un mejor futuro.<\/strong>\u00a0 Con pensar en soluciones a problemas que afectan al pa\u00eds, alguien podr\u00eda decir que estamos haciendo el trabajo que deben hacer los funcionarios, \u00abpara eso fueron electos\u00bb, \u00abpara eso les pagan\u00bb, pero, en realidad, nos debe bastar con las decisiones que han tomado y determinaron nuestro lamentable presente, como para confiar, a su ingenio y eficiencia, nuestro futuro. \u00a0No s\u00f3lo nos exponemos\u00a0al disgusto de se\u00f1alar cu\u00e1n ineptos o equivocados est\u00e1n, sino tambi\u00e9n\u00a0derrochan nuestros recursos y\u00a0retrasan retrasan haciendo\u00a0ver imposible el futuro que la mente de muchas personas, con sus ideas y propuestas, pueden\u00a0ayudar a construir.<\/p>\n<p style=\"text-align: justify;\"><b>No es un club de genios?<\/b> \u00a0No se pretende que sea una red social, ni un club para mofarse de los desaciertos de los funcionarios. \u00a0Gevoluci\u00f3n es un proyecto donde los que desean y piensan un mejor futuro para ellos y su familia, se toman el tiempo para pensar soluciones a problemas que afectan gravemente la seguridad y el desarrollo, luego, los exponen al escrutinio de todas las personas que aceptan el reto de analizar y a\u00f1adir otras fortalezas o debilidades de una idea-propuesta, para luego emitir su aprobaci\u00f3n o rechazo, aceptando que sus cuestionamientos sean aprobados o rechazados tambi\u00e9n por la comunidad de la gevoluci\u00f3n.<\/p>\n<p style=\"text-align: justify;\"><strong>Los aportes a la Gevoluci\u00f3n.<\/strong> \u00a0El argumento del insulto a la idea o al que la propone, se suprimir\u00e1n y, paulatinamente, tambi\u00e9n a los que recurran a eso. \u00a0La libertad de emisi\u00f3n del pensamiento no es lo que pretende la gevoluci\u00f3n, ya que algunos tienen pensamientos que no aportan soluciones, s\u00f3lo pretenden desahogar sus enojos, sin que venga al caso determinar si son v\u00e1lidos, lo que no se considera v\u00e1lido es presentarlos en forma de insultos o con palabras soeces. \u00a0Los aportes esperados y preferidos son:<\/p>\n<ol style=\"text-align: justify;\">\n<li><b>Ideas.<\/b> Describe una forma de minimizar o resolver un problema. \u00a0El que la propone debe incluir la forma en la que \u00e9l considera que debe ser ejecutada y la respuesta a cuestionamientos obvios. \u00a0Si guarda similitud con otra idea para resolver el mismo problema, las ideas se fusionan. \u00a0Los que aportan una idea, en realidad traen el tema a la mente distribuida para que sea \u201cpensada\u201d y transformada en una propuesta de soluci\u00f3n a un problema.<\/li>\n<li><b>Razonamientos en contra.<\/b> \u00a0Se trata de argumentos que deber\u00edan tomarse en cuenta para descartar una idea. \u00a0Las personas deben indicar el tipo de aporte que est\u00e1n haciendo para que ellos mismos, al definirse, procuren evitar la ambig\u00fcedad de sus argumentos.<\/li>\n<li><b>Razonamientos a favor.<\/b> \u00a0Por qu\u00e9 se considera que la idea contribuir\u00e1 con lo que se propone. \u00a0Las ventajas de esta idea con relaci\u00f3n a lo que se hace actualmente. \u00a0Otros beneficios que tendr\u00eda esta idea para la poblaci\u00f3n.<\/li>\n<li><b>Razonamientos mixtos.<\/b> \u00a0Son razonamientos que pretenden blindar la idea para que no sea desechada por error. \u00a0Estos razonamientos son equivalentes a las preguntas ret\u00f3ricas. \u00a0Una persona, por su conocimiento del medio, describe la forma en la que podr\u00edan atacar o desechar la idea, pero, al mismo tiempo propone la forma en la que puede prevenirse.<\/li>\n<li><b>Discusiones.<\/b> Cuando una persona tiene dificultad para presentar un razonamiento a favor o en contra de una idea, porque le parece que un aspecto de ella no est\u00e1 muy claro, como para pronunciarse en uno de los dos sentidos, propone una discusi\u00f3n para que dicho aspecto se fortalezca. \u00a0Al final, una discusi\u00f3n tendr\u00e1 como resultado argumentos mixtos, o bien, uno o varios argumentos a favor y\/o en contra de la idea. \u00a0\u00a0\u00a0Un gran riesgo es caer en discusiones interminables, por lo tanto, las discusiones tendr\u00e1n per\u00edodo de validez y en el peor de los casos ser\u00e1 cerrada sin llegar a una conclusi\u00f3n.<\/li>\n<li><b>Votos.<\/b> \u00a0Esta es la parte crucial en la incubaci\u00f3n de una idea. \u00a0Se puede votar, en cualquier momento, a favor o en contra de:\n<ol>\n<li>Ideas<\/li>\n<li>Razonamientos a favor<\/li>\n<li>Razonamientos en contra<\/li>\n<li>Razonamientos mixtos<\/li>\n<\/ol>\n<\/li>\n<\/ol>\n<p style=\"text-align: justify;\"><b>Sin votos.<\/b> \u00a0No hay votos para las discusiones, sino para los razonamientos que de ella se deriven. \u00a0\u00a0Las mismas personas que participen en una discusi\u00f3n pueden deducir y presentar los razonamientos a los que hayan llegado como consecuencia.<\/p>\n<p style=\"text-align: justify;\"><b>La transformaci\u00f3n en propuestas. <\/b>\u00a0Las ideas se transformar\u00e1n en propuestas en funci\u00f3n de:<\/p>\n<ol style=\"text-align: justify;\">\n<li>El da\u00f1o que causa el problema que pretende minimizar o resolver.<\/li>\n<li>La ausencia o diferencia con las propuestas ya adoptadas para el mismo problema.<\/li>\n<li>La interacci\u00f3n que provoquen medida en cantidad de razonamientos y votos que merezca.<\/li>\n<li>El balance entre votos a favor y en contra de la idea y de los argumentos relacionados con ella.<\/li>\n<li>La existencia de argumentos a favor que anulen, con mayor\u00eda de votos, a los argumentos en contra.<\/li>\n<\/ol>\n<p style=\"text-align: justify;\"><b>La Propuesta.<\/b> \u00a0La idea con la forma en la que debe implementarse y ejecutarse, debe fortalecerse con los argumentos a favor y en contra, para convertirse en una propuesta consensuada, consistente con la realidad y las circunstancias bajo las que se presenta el problema que pretende atacar y, necesariamente, con su respectiva ficha de factibilidad (legal, econ\u00f3mica, cultural y pol\u00edtica), para que, hasta donde sea posible, la \u00fanica raz\u00f3n por la que no sea adoptada sea: La falta de inter\u00e9s del funcionario en resolver el problema que ataca la soluci\u00f3n sugerida (la propuesta).<\/p>\n<p style=\"text-align: justify;\">Las personas que opinar\u00e1n sobre una idea s\u00f3lo podr\u00e1n hacerlo con su aprobaci\u00f3n o rechazo razonado.<\/p>\n<p style=\"text-align: justify;\">No soy \u00fanico. \u00a0Es necesario reconocer que no somos los \u00fanicos que deseamos un futuro mejor y estamos dispuestos a dise\u00f1arlos sin esperar que seamos nombrados para tomar las decisiones.<\/p>\n","protected":false},"excerpt":{"rendered":"<p>No estamos haciendo su trabajo (el de los funcionarios), estamos construyendo un mejor futuro.\u00a0 Con pensar en soluciones a problemas que afectan al pa\u00eds, alguien podr\u00eda decir que estamos haciendo el trabajo que deben hacer los funcionarios, \u00abpara eso fueron electos\u00bb, \u00abpara eso les pagan\u00bb, pero, en realidad, nos debe bastar con las decisiones que &hellip; <a href=\"https:\/\/www.gevolucion.com\/?page_id=47\" class=\"more-link\">Sigue leyendo <span class=\"screen-reader-text\">\u00bfC\u00f3mo Funciona?<\/span><\/a><\/p>\n","protected":false},"author":1,"featured_media":0,"parent":0,"menu_order":0,"comment_status":"open","ping_status":"closed","template":"","meta":{"footnotes":""},"class_list":["post-47","page","type-page","status-publish","hentry"],"_links":{"self":[{"href":"https:\/\/www.gevolucion.com\/index.php?rest_route=\/wp\/v2\/pages\/47","targetHints":{"allow":["GET"]}}],"collection":[{"href":"https:\/\/www.gevolucion.com\/index.php?rest_route=\/wp\/v2\/pages"}],"about":[{"href":"https:\/\/www.gevolucion.com\/index.php?rest_route=\/wp\/v2\/types\/page"}],"author":[{"embeddable":true,"href":"https:\/\/www.gevolucion.com\/index.php?rest_route=\/wp\/v2\/users\/1"}],"replies":[{"embeddable":true,"href":"https:\/\/www.gevolucion.com\/index.php?rest_route=%2Fwp%2Fv2%2Fcomments&post=47"}],"version-history":[{"count":5,"href":"https:\/\/www.gevolucion.com\/index.php?rest_route=\/wp\/v2\/pages\/47\/revisions"}],"predecessor-version":[{"id":139,"href":"https:\/\/www.gevolucion.com\/index.php?rest_route=\/wp\/v2\/pages\/47\/revisions\/139"}],"wp:attachment":[{"href":"https:\/\/www.gevolucion.com\/index.php?rest_route=%2Fwp%2Fv2%2Fmedia&parent=47"}],"curies":[{"name":"wp","href":"https:\/\/api.w.org\/{rel}","templated":true}]}}